{"id":24,"date":"2025-04-24T00:04:32","date_gmt":"2025-04-24T00:04:32","guid":{"rendered":"https:\/\/euroblindsgdl.com\/index.php\/our-services\/"},"modified":"2025-12-04T22:37:28","modified_gmt":"2025-12-04T22:37:28","slug":"productos","status":"publish","type":"page","link":"https:\/\/euroblindsgdl.com\/index.php\/productos\/","title":{"rendered":"Productos"},"content":{"rendered":"\t\t<div data-elementor-type=\"wp-page\" data-elementor-id=\"24\" class=\"elementor elementor-24\" data-elementor-post-type=\"page\">\n\t\t\t\t<div class=\"elementor-element elementor-element-86abe74 e-flex e-con-boxed e-con e-parent\" data-id=\"86abe74\" data-element_type=\"container\" data-settings=\"{&quot;background_background&quot;:&quot;slideshow&quot;,&quot;background_slideshow_gallery&quot;:[{&quot;id&quot;:923,&quot;url&quot;:&quot;https:\\\/\\\/euroblindsgdl.com\\\/wp-content\\\/uploads\\\/2025\\\/11\\\/EUROBLINDS-08-min.jpg&quot;},{&quot;id&quot;:920,&quot;url&quot;:&quot;https:\\\/\\\/euroblindsgdl.com\\\/wp-content\\\/uploads\\\/2025\\\/11\\\/EUROBLINDS-05-min.jpg&quot;},{&quot;id&quot;:917,&quot;url&quot;:&quot;https:\\\/\\\/euroblindsgdl.com\\\/wp-content\\\/uploads\\\/2025\\\/11\\\/EUROBLINDS-02-min.jpg&quot;},{&quot;id&quot;:919,&quot;url&quot;:&quot;https:\\\/\\\/euroblindsgdl.com\\\/wp-content\\\/uploads\\\/2025\\\/11\\\/EUROBLINDS-04-min.jpg&quot;},{&quot;id&quot;:925,&quot;url&quot;:&quot;https:\\\/\\\/euroblindsgdl.com\\\/wp-content\\\/uploads\\\/2025\\\/11\\\/EUROBLINDS-10-min.jpg&quot;},{&quot;id&quot;:906,&quot;url&quot;:&quot;https:\\\/\\\/euroblindsgdl.com\\\/wp-content\\\/uploads\\\/2025\\\/11\\\/CORTINA-20-min.jpg&quot;},{&quot;id&quot;:924,&quot;url&quot;:&quot;https:\\\/\\\/euroblindsgdl.com\\\/wp-content\\\/uploads\\\/2025\\\/11\\\/EUROBLINDS-09-min.jpg&quot;}],&quot;background_slideshow_lazyload&quot;:&quot;yes&quot;,&quot;background_slideshow_ken_burns&quot;:&quot;yes&quot;,&quot;background_slideshow_loop&quot;:&quot;yes&quot;,&quot;background_slideshow_slide_duration&quot;:5000,&quot;background_slideshow_slide_transition&quot;:&quot;fade&quot;,&quot;background_slideshow_transition_duration&quot;:500,&quot;background_slideshow_ken_burns_zoom_direction&quot;:&quot;in&quot;}\">\n\t\t\t\t\t<div class=\"e-con-inner\">\n\t\t\t\t\t<\/div>\n\t\t\t\t<\/div>\n\t\t<div class=\"elementor-element elementor-element-bc78090 e-flex e-con-boxed e-con e-parent\" data-id=\"bc78090\" data-element_type=\"container\">\n\t\t\t\t\t<div class=\"e-con-inner\">\n\t\t\t\t<div class=\"elementor-element elementor-element-5f8f5ed9 elementor-widget elementor-widget-heading\" data-id=\"5f8f5ed9\" data-element_type=\"widget\" data-widget_type=\"heading.default\">\n\t\t\t\t<div class=\"elementor-widget-container\">\n\t\t\t\t\t<h6 class=\"elementor-heading-title elementor-size-default\">Cada espacio merece lo mejor<\/h6>\t\t\t\t<\/div>\n\t\t\t\t<\/div>\n\t\t\t\t<div class=\"elementor-element elementor-element-60eadb1 elementor-widget elementor-widget-heading\" data-id=\"60eadb1\" data-element_type=\"widget\" data-widget_type=\"heading.default\">\n\t\t\t\t<div class=\"elementor-widget-container\">\n\t\t\t\t\t<h2 class=\"elementor-heading-title elementor-size-default\">Productos<\/h2>\t\t\t\t<\/div>\n\t\t\t\t<\/div>\n\t\t\t\t<div class=\"elementor-element elementor-element-63805f7 elementor-invisible elementor-widget elementor-widget-text-editor\" data-id=\"63805f7\" data-element_type=\"widget\" data-settings=\"{&quot;_animation&quot;:&quot;fadeIn&quot;,&quot;_animation_delay&quot;:400}\" data-widget_type=\"text-editor.default\">\n\t\t\t\t<div class=\"elementor-widget-container\">\n\t\t\t\t\t\t\t\t\t<p>Ofrecemos una amplia variedad de productos dise\u00f1ados para satisfacer las necesidades m\u00e1s exigentes, brindando calidad, dise\u00f1o y funcionalidad. Cada producto se fabrica con materiales seleccionados y tecnolog\u00eda avanzada para garantizar la durabilidad y el mejor acabado.<\/p>\t\t\t\t\t\t\t\t<\/div>\n\t\t\t\t<\/div>\n\t\t\t\t\t<\/div>\n\t\t\t\t<\/div>\n\t\t<div class=\"elementor-element elementor-element-45f84f8 e-flex e-con-boxed e-con e-parent\" data-id=\"45f84f8\" data-element_type=\"container\">\n\t\t\t\t\t<div class=\"e-con-inner\">\n\t\t<div class=\"elementor-element elementor-element-9efbc60 e-con-full e-flex e-con e-child\" data-id=\"9efbc60\" data-element_type=\"container\">\n\t\t<div class=\"elementor-element elementor-element-d2eb29e e-con-full e-flex elementor-invisible e-con e-child\" data-id=\"d2eb29e\" data-element_type=\"container\" data-settings=\"{&quot;background_background&quot;:&quot;classic&quot;,&quot;animation&quot;:&quot;fadeInLeft&quot;}\">\n\t\t\t\t<div class=\"elementor-element elementor-element-6b7d044 elementor-widget elementor-widget-heading\" data-id=\"6b7d044\" data-element_type=\"widget\" data-widget_type=\"heading.default\">\n\t\t\t\t<div class=\"elementor-widget-container\">\n\t\t\t\t\t<h2 class=\"elementor-heading-title elementor-size-default\">Persianas<\/h2>\t\t\t\t<\/div>\n\t\t\t\t<\/div>\n\t\t\t\t<div class=\"elementor-element elementor-element-e949c2a elementor-widget-divider--view-line elementor-widget elementor-widget-divider\" data-id=\"e949c2a\" data-element_type=\"widget\" data-widget_type=\"divider.default\">\n\t\t\t\t<div class=\"elementor-widget-container\">\n\t\t\t\t\t\t\t<div class=\"elementor-divider\">\n\t\t\t<span class=\"elementor-divider-separator\">\n\t\t\t\t\t\t<\/span>\n\t\t<\/div>\n\t\t\t\t\t\t<\/div>\n\t\t\t\t<\/div>\n\t\t\t\t<div class=\"elementor-element elementor-element-87e3320 elementor-widget elementor-widget-text-editor\" data-id=\"87e3320\" data-element_type=\"widget\" data-widget_type=\"text-editor.default\">\n\t\t\t\t<div class=\"elementor-widget-container\">\n\t\t\t\t\t\t\t\t\t<p>Ofrecemos una amplia gama de persianas que se adaptan a todo tipo de espacios y necesidades.\u00a0<\/p>\t\t\t\t\t\t\t\t<\/div>\n\t\t\t\t<\/div>\n\t\t\t\t<div class=\"elementor-element elementor-element-1bae258 elementor-mobile-align-center elementor-widget elementor-widget-button\" data-id=\"1bae258\" data-element_type=\"widget\" data-widget_type=\"button.default\">\n\t\t\t\t<div class=\"elementor-widget-container\">\n\t\t\t\t\t\t\t\t\t<div class=\"elementor-button-wrapper\">\n\t\t\t\t\t<a class=\"elementor-button elementor-button-link elementor-size-sm\" href=\"https:\/\/euroblindsgdl.com\/index.php\/persianas\/\">\n\t\t\t\t\t\t<span class=\"elementor-button-content-wrapper\">\n\t\t\t\t\t\t\t\t\t<span class=\"elementor-button-text\">VER PRODUCTOS<\/span>\n\t\t\t\t\t<\/span>\n\t\t\t\t\t<\/a>\n\t\t\t\t<\/div>\n\t\t\t\t\t\t\t\t<\/div>\n\t\t\t\t<\/div>\n\t\t\t\t<\/div>\n\t\t\t\t<\/div>\n\t\t<div class=\"elementor-element elementor-element-25df287 e-con-full e-flex e-con e-child\" data-id=\"25df287\" data-element_type=\"container\">\n\t\t<div class=\"elementor-element elementor-element-bbbc7fb e-con-full e-flex e-con e-child\" data-id=\"bbbc7fb\" data-element_type=\"container\" data-settings=\"{&quot;background_background&quot;:&quot;slideshow&quot;,&quot;background_slideshow_gallery&quot;:[{&quot;id&quot;:147,&quot;url&quot;:&quot;https:\\\/\\\/euroblindsgdl.com\\\/wp-content\\\/uploads\\\/2025\\\/05\\\/EUROBLINDS-18-min-scaled.jpg&quot;},{&quot;id&quot;:141,&quot;url&quot;:&quot;https:\\\/\\\/euroblindsgdl.com\\\/wp-content\\\/uploads\\\/2025\\\/05\\\/EUROBLINDS-11-min-scaled-e1753195417142.jpg&quot;},{&quot;id&quot;:140,&quot;url&quot;:&quot;https:\\\/\\\/euroblindsgdl.com\\\/wp-content\\\/uploads\\\/2025\\\/05\\\/EUROBLINDS-10-min-scaled-e1754519979928.jpg&quot;},{&quot;id&quot;:148,&quot;url&quot;:&quot;https:\\\/\\\/euroblindsgdl.com\\\/wp-content\\\/uploads\\\/2025\\\/05\\\/EUROBLINDS-19-min-scaled.jpg&quot;},{&quot;id&quot;:146,&quot;url&quot;:&quot;https:\\\/\\\/euroblindsgdl.com\\\/wp-content\\\/uploads\\\/2025\\\/05\\\/EUROBLINDS-17-min-scaled.jpg&quot;},{&quot;id&quot;:143,&quot;url&quot;:&quot;https:\\\/\\\/euroblindsgdl.com\\\/wp-content\\\/uploads\\\/2025\\\/05\\\/EUROBLINDS-13-min-scaled.jpg&quot;}],&quot;background_slideshow_loop&quot;:&quot;yes&quot;,&quot;background_slideshow_slide_duration&quot;:5000,&quot;background_slideshow_slide_transition&quot;:&quot;fade&quot;,&quot;background_slideshow_transition_duration&quot;:500}\">\n\t\t\t\t<\/div>\n\t\t\t\t<\/div>\n\t\t\t\t\t<\/div>\n\t\t\t\t<\/div>\n\t\t<div class=\"elementor-element elementor-element-38cbb96 e-flex e-con-boxed e-con e-parent\" data-id=\"38cbb96\" data-element_type=\"container\">\n\t\t\t\t\t<div class=\"e-con-inner\">\n\t\t<div class=\"elementor-element elementor-element-c59f2e1 e-con-full e-flex e-con e-child\" data-id=\"c59f2e1\" data-element_type=\"container\" data-settings=\"{&quot;background_background&quot;:&quot;classic&quot;}\">\n\t\t<div class=\"elementor-element elementor-element-57d6684f e-con-full e-flex e-con e-child\" data-id=\"57d6684f\" data-element_type=\"container\" data-settings=\"{&quot;background_background&quot;:&quot;classic&quot;}\">\n\t\t\t\t<\/div>\n\t\t\t\t<\/div>\n\t\t<div class=\"elementor-element elementor-element-15cacfd e-con-full e-flex e-con e-child\" data-id=\"15cacfd\" data-element_type=\"container\" data-settings=\"{&quot;background_background&quot;:&quot;classic&quot;}\">\n\t\t<div class=\"elementor-element elementor-element-328b7604 e-con-full e-flex elementor-invisible e-con e-child\" data-id=\"328b7604\" data-element_type=\"container\" data-settings=\"{&quot;background_background&quot;:&quot;classic&quot;,&quot;animation&quot;:&quot;fadeInRight&quot;}\">\n\t\t\t\t<div class=\"elementor-element elementor-element-308e302f elementor-widget elementor-widget-heading\" data-id=\"308e302f\" data-element_type=\"widget\" data-widget_type=\"heading.default\">\n\t\t\t\t<div class=\"elementor-widget-container\">\n\t\t\t\t\t<h2 class=\"elementor-heading-title elementor-size-default\">Cortinas<\/h2>\t\t\t\t<\/div>\n\t\t\t\t<\/div>\n\t\t\t\t<div class=\"elementor-element elementor-element-1777d4ea elementor-widget-divider--view-line elementor-widget elementor-widget-divider\" data-id=\"1777d4ea\" data-element_type=\"widget\" data-widget_type=\"divider.default\">\n\t\t\t\t<div class=\"elementor-widget-container\">\n\t\t\t\t\t\t\t<div class=\"elementor-divider\">\n\t\t\t<span class=\"elementor-divider-separator\">\n\t\t\t\t\t\t<\/span>\n\t\t<\/div>\n\t\t\t\t\t\t<\/div>\n\t\t\t\t<\/div>\n\t\t\t\t<div class=\"elementor-element elementor-element-c2b7007 elementor-widget elementor-widget-text-editor\" data-id=\"c2b7007\" data-element_type=\"widget\" data-widget_type=\"text-editor.default\">\n\t\t\t\t<div class=\"elementor-widget-container\">\n\t\t\t\t\t\t\t\t\t<p>Nuestras cortinas est\u00e1n disponibles en diversas telas y confecciones que permiten ajustar la luz, la privacidad y el estilo de cada espacio.\u00a0<\/p>\t\t\t\t\t\t\t\t<\/div>\n\t\t\t\t<\/div>\n\t\t\t\t<div class=\"elementor-element elementor-element-4d6632d elementor-widget elementor-widget-button\" data-id=\"4d6632d\" data-element_type=\"widget\" data-widget_type=\"button.default\">\n\t\t\t\t<div class=\"elementor-widget-container\">\n\t\t\t\t\t\t\t\t\t<div class=\"elementor-button-wrapper\">\n\t\t\t\t\t<a class=\"elementor-button elementor-button-link elementor-size-sm\" href=\"https:\/\/euroblindsgdl.com\/index.php\/cortinas\/\">\n\t\t\t\t\t\t<span class=\"elementor-button-content-wrapper\">\n\t\t\t\t\t\t\t\t\t<span class=\"elementor-button-text\">VER PRODUCTOS<\/span>\n\t\t\t\t\t<\/span>\n\t\t\t\t\t<\/a>\n\t\t\t\t<\/div>\n\t\t\t\t\t\t\t\t<\/div>\n\t\t\t\t<\/div>\n\t\t\t\t<\/div>\n\t\t\t\t<\/div>\n\t\t\t\t\t<\/div>\n\t\t\t\t<\/div>\n\t\t<div class=\"elementor-element elementor-element-fc0c921 e-flex e-con-boxed e-con e-parent\" data-id=\"fc0c921\" data-element_type=\"container\">\n\t\t\t\t\t<div class=\"e-con-inner\">\n\t\t<div class=\"elementor-element elementor-element-0018b3f e-con-full e-flex e-con e-child\" data-id=\"0018b3f\" data-element_type=\"container\">\n\t\t<div class=\"elementor-element elementor-element-0dbf25e e-con-full e-flex elementor-invisible e-con e-child\" data-id=\"0dbf25e\" data-element_type=\"container\" data-settings=\"{&quot;background_background&quot;:&quot;classic&quot;,&quot;animation&quot;:&quot;fadeInLeft&quot;}\">\n\t\t\t\t<div class=\"elementor-element elementor-element-deb9bba elementor-widget elementor-widget-heading\" data-id=\"deb9bba\" data-element_type=\"widget\" data-widget_type=\"heading.default\">\n\t\t\t\t<div class=\"elementor-widget-container\">\n\t\t\t\t\t<h2 class=\"elementor-heading-title elementor-size-default\">Dreams Curtains<\/h2>\t\t\t\t<\/div>\n\t\t\t\t<\/div>\n\t\t\t\t<div class=\"elementor-element elementor-element-10ab6d8 elementor-widget-divider--view-line elementor-widget elementor-widget-divider\" data-id=\"10ab6d8\" data-element_type=\"widget\" data-widget_type=\"divider.default\">\n\t\t\t\t<div class=\"elementor-widget-container\">\n\t\t\t\t\t\t\t<div class=\"elementor-divider\">\n\t\t\t<span class=\"elementor-divider-separator\">\n\t\t\t\t\t\t<\/span>\n\t\t<\/div>\n\t\t\t\t\t\t<\/div>\n\t\t\t\t<\/div>\n\t\t\t\t<div class=\"elementor-element elementor-element-8ddc668 elementor-widget elementor-widget-text-editor\" data-id=\"8ddc668\" data-element_type=\"widget\" data-widget_type=\"text-editor.default\">\n\t\t\t\t<div class=\"elementor-widget-container\">\n\t\t\t\t\t\t\t\t\t<p data-start=\"1161\" data-end=\"1392\">Inspiradas en el confort del hogar, nuestras <em data-start=\"1233\" data-end=\"1250\">Dreams Curtains<\/em> combinan funcionalidad y dise\u00f1o para filtrar la luz natural con estilo.<\/p>\t\t\t\t\t\t\t\t<\/div>\n\t\t\t\t<\/div>\n\t\t\t\t<div class=\"elementor-element elementor-element-5cd1e0f elementor-mobile-align-center elementor-widget elementor-widget-button\" data-id=\"5cd1e0f\" data-element_type=\"widget\" data-widget_type=\"button.default\">\n\t\t\t\t<div class=\"elementor-widget-container\">\n\t\t\t\t\t\t\t\t\t<div class=\"elementor-button-wrapper\">\n\t\t\t\t\t<a class=\"elementor-button elementor-button-link elementor-size-sm\" href=\"https:\/\/euroblindsgdl.com\/index.php\/dreams-curtains\/\">\n\t\t\t\t\t\t<span class=\"elementor-button-content-wrapper\">\n\t\t\t\t\t\t\t\t\t<span class=\"elementor-button-text\">VER PRODUCTOS<\/span>\n\t\t\t\t\t<\/span>\n\t\t\t\t\t<\/a>\n\t\t\t\t<\/div>\n\t\t\t\t\t\t\t\t<\/div>\n\t\t\t\t<\/div>\n\t\t\t\t<\/div>\n\t\t\t\t<\/div>\n\t\t<div class=\"elementor-element elementor-element-d5d8a29 e-con-full e-flex e-con e-child\" data-id=\"d5d8a29\" data-element_type=\"container\">\n\t\t<div class=\"elementor-element elementor-element-089804a e-con-full e-flex e-con e-child\" data-id=\"089804a\" data-element_type=\"container\" data-settings=\"{&quot;background_background&quot;:&quot;slideshow&quot;,&quot;background_slideshow_gallery&quot;:[{&quot;id&quot;:371,&quot;url&quot;:&quot;https:\\\/\\\/euroblindsgdl.com\\\/wp-content\\\/uploads\\\/2025\\\/07\\\/WhatsApp-Image-2025-07-22-at-09.43.33-e1753224523254.jpeg&quot;},{&quot;id&quot;:454,&quot;url&quot;:&quot;https:\\\/\\\/euroblindsgdl.com\\\/wp-content\\\/uploads\\\/2025\\\/09\\\/EUROBLINDS-06.jpg&quot;},{&quot;id&quot;:861,&quot;url&quot;:&quot;https:\\\/\\\/euroblindsgdl.com\\\/wp-content\\\/uploads\\\/2025\\\/11\\\/CORTINA-4.2-min.jpg&quot;},{&quot;id&quot;:544,&quot;url&quot;:&quot;https:\\\/\\\/euroblindsgdl.com\\\/wp-content\\\/uploads\\\/2025\\\/10\\\/EUROBLINDS-25-min.jpg&quot;},{&quot;id&quot;:596,&quot;url&quot;:&quot;https:\\\/\\\/euroblindsgdl.com\\\/wp-content\\\/uploads\\\/2025\\\/10\\\/dreams.jpeg&quot;}],&quot;background_slideshow_loop&quot;:&quot;yes&quot;,&quot;background_slideshow_slide_duration&quot;:5000,&quot;background_slideshow_slide_transition&quot;:&quot;fade&quot;,&quot;background_slideshow_transition_duration&quot;:500}\">\n\t\t\t\t<\/div>\n\t\t\t\t<\/div>\n\t\t\t\t\t<\/div>\n\t\t\t\t<\/div>\n\t\t<div class=\"elementor-element elementor-element-fe650d2 e-flex e-con-boxed e-con e-parent\" data-id=\"fe650d2\" data-element_type=\"container\">\n\t\t\t\t\t<div class=\"e-con-inner\">\n\t\t<div class=\"elementor-element elementor-element-fcf4251 e-con-full e-flex e-con e-child\" data-id=\"fcf4251\" data-element_type=\"container\" data-settings=\"{&quot;background_background&quot;:&quot;classic&quot;}\">\n\t\t<div class=\"elementor-element elementor-element-0bc975d e-con-full e-flex e-con e-child\" data-id=\"0bc975d\" data-element_type=\"container\" data-settings=\"{&quot;background_background&quot;:&quot;classic&quot;}\">\n\t\t\t\t<\/div>\n\t\t\t\t<\/div>\n\t\t<div class=\"elementor-element elementor-element-ee88383 e-con-full e-flex e-con e-child\" data-id=\"ee88383\" data-element_type=\"container\" data-settings=\"{&quot;background_background&quot;:&quot;classic&quot;}\">\n\t\t<div class=\"elementor-element elementor-element-a4837e8 e-con-full e-flex elementor-invisible e-con e-child\" data-id=\"a4837e8\" data-element_type=\"container\" data-settings=\"{&quot;background_background&quot;:&quot;classic&quot;,&quot;animation&quot;:&quot;fadeInRight&quot;}\">\n\t\t\t\t<div class=\"elementor-element elementor-element-ad8cf9c elementor-widget elementor-widget-heading\" data-id=\"ad8cf9c\" data-element_type=\"widget\" data-widget_type=\"heading.default\">\n\t\t\t\t<div class=\"elementor-widget-container\">\n\t\t\t\t\t<h2 class=\"elementor-heading-title elementor-size-default\">Toldos<\/h2>\t\t\t\t<\/div>\n\t\t\t\t<\/div>\n\t\t\t\t<div class=\"elementor-element elementor-element-b47b3f7 elementor-widget-divider--view-line elementor-widget elementor-widget-divider\" data-id=\"b47b3f7\" data-element_type=\"widget\" data-widget_type=\"divider.default\">\n\t\t\t\t<div class=\"elementor-widget-container\">\n\t\t\t\t\t\t\t<div class=\"elementor-divider\">\n\t\t\t<span class=\"elementor-divider-separator\">\n\t\t\t\t\t\t<\/span>\n\t\t<\/div>\n\t\t\t\t\t\t<\/div>\n\t\t\t\t<\/div>\n\t\t\t\t<div class=\"elementor-element elementor-element-d8b9938 elementor-widget elementor-widget-text-editor\" data-id=\"d8b9938\" data-element_type=\"widget\" data-widget_type=\"text-editor.default\">\n\t\t\t\t<div class=\"elementor-widget-container\">\n\t\t\t\t\t\t\t\t\t<p>Nuestros toldos est\u00e1n dise\u00f1ados para protegerte del sol y embellecer tus espacios exteriores.<\/p>\t\t\t\t\t\t\t\t<\/div>\n\t\t\t\t<\/div>\n\t\t\t\t<div class=\"elementor-element elementor-element-b639676 elementor-mobile-align-center elementor-widget elementor-widget-button\" data-id=\"b639676\" data-element_type=\"widget\" data-widget_type=\"button.default\">\n\t\t\t\t<div class=\"elementor-widget-container\">\n\t\t\t\t\t\t\t\t\t<div class=\"elementor-button-wrapper\">\n\t\t\t\t\t<a class=\"elementor-button elementor-button-link elementor-size-sm\" href=\"https:\/\/euroblindsgdl.com\/index.php\/toldos\/\">\n\t\t\t\t\t\t<span class=\"elementor-button-content-wrapper\">\n\t\t\t\t\t\t\t\t\t<span class=\"elementor-button-text\">VER PRODUCTOS<\/span>\n\t\t\t\t\t<\/span>\n\t\t\t\t\t<\/a>\n\t\t\t\t<\/div>\n\t\t\t\t\t\t\t\t<\/div>\n\t\t\t\t<\/div>\n\t\t\t\t<\/div>\n\t\t\t\t<\/div>\n\t\t\t\t\t<\/div>\n\t\t\t\t<\/div>\n\t\t\t\t<\/div>\n\t\t","protected":false},"excerpt":{"rendered":"<p>Cada espacio merece lo mejor Productos Ofrecemos una amplia variedad de productos dise\u00f1ados para satisfacer las necesidades m\u00e1s exigentes, brindando calidad, dise\u00f1o y funcionalidad. Cada producto se fabrica con materiales seleccionados y tecnolog\u00eda avanzada para garantizar la durabilidad y el mejor acabado. Persianas Ofrecemos una amplia gama de persianas que se adaptan a todo tipo [&hellip;]<\/p>\n","protected":false},"author":1,"featured_media":0,"parent":0,"menu_order":0,"comment_status":"closed","ping_status":"closed","template":"elementor_header_footer","meta":{"footnotes":""},"class_list":["post-24","page","type-page","status-publish","hentry"],"_links":{"self":[{"href":"https:\/\/euroblindsgdl.com\/index.php\/wp-json\/wp\/v2\/pages\/24","targetHints":{"allow":["GET"]}}],"collection":[{"href":"https:\/\/euroblindsgdl.com\/index.php\/wp-json\/wp\/v2\/pages"}],"about":[{"href":"https:\/\/euroblindsgdl.com\/index.php\/wp-json\/wp\/v2\/types\/page"}],"author":[{"embeddable":true,"href":"https:\/\/euroblindsgdl.com\/index.php\/wp-json\/wp\/v2\/users\/1"}],"replies":[{"embeddable":true,"href":"https:\/\/euroblindsgdl.com\/index.php\/wp-json\/wp\/v2\/comments?post=24"}],"version-history":[{"count":79,"href":"https:\/\/euroblindsgdl.com\/index.php\/wp-json\/wp\/v2\/pages\/24\/revisions"}],"predecessor-version":[{"id":1111,"href":"https:\/\/euroblindsgdl.com\/index.php\/wp-json\/wp\/v2\/pages\/24\/revisions\/1111"}],"wp:attachment":[{"href":"https:\/\/euroblindsgdl.com\/index.php\/wp-json\/wp\/v2\/media?parent=24"}],"curies":[{"name":"wp","href":"https:\/\/api.w.org\/{rel}","templated":true}]}}